{"id":12,"date":"2022-03-27T15:18:54","date_gmt":"2022-03-27T13:18:54","guid":{"rendered":"https:\/\/modellflygklubbar.se\/locknefiske\/?page_id=12"},"modified":"2026-02-11T11:26:44","modified_gmt":"2026-02-11T10:26:44","slug":"fiskeregler-och-fiskekort","status":"publish","type":"page","link":"https:\/\/locknefiske.se\/?page_id=12","title":{"rendered":"Fiskeregler och fiskekort 2026"},"content":{"rendered":"\n<p><\/p>\n\n\n\n<p class=\"has-small-font-size\">Det g\u00e5r att l\u00f6sa fiskekort via fiskev\u00e5rdsf\u00f6reningens Bankgiro i L\u00e4nsf\u00f6rs\u00e4kringar, bankkonto &nbsp;5633-1937. Kom ih\u00e5g att ange avs\u00e4ndare med namn och adress s\u00e5 att vi vet vem som har betalt, ange ocks\u00e5 typ av kort enligt nedan.&nbsp;<\/p>\n\n\n\n<p class=\"has-small-font-size\">Det g\u00e5r \u00e4ven bra att betala via&nbsp;<strong>Swish 1230577072<\/strong>, mottagare Locknesj\u00f6ns fiskev\u00e5rdsomr\u00e5de och ange vad inbetalning g\u00e4ller f\u00f6r. Inga fysiska fiskekort kommer att l\u00e4mnas ut utan beh\u00e5ll kvittot p\u00e5 inbetalningen som fiskebevis.&nbsp;Fiskekort kan \u00e4ven k\u00f6pas av lokala fiskekortsf\u00f6rs\u00e4ljare se skyltning runt sj\u00f6n samt hos Brunflo sport och fiske.<\/p>\n\n\n\n<figure class=\"wp-block-image size-large is-resized\"><img decoding=\"async\" width=\"904\" height=\"1024\" src=\"https:\/\/modellflygklubbar.se\/locknefiske\/wp-content\/uploads\/2022\/03\/qr-8-904x1024.png\" alt=\"\" class=\"wp-image-69\" style=\"width:232px;height:262px\" srcset=\"https:\/\/locknefiske.se\/wp-content\/uploads\/2022\/03\/qr-8-904x1024.png 904w, https:\/\/locknefiske.se\/wp-content\/uploads\/2022\/03\/qr-8-265x300.png 265w, https:\/\/locknefiske.se\/wp-content\/uploads\/2022\/03\/qr-8-768x870.png 768w, https:\/\/locknefiske.se\/wp-content\/uploads\/2022\/03\/qr-8-1355x1536.png 1355w, https:\/\/locknefiske.se\/wp-content\/uploads\/2022\/03\/qr-8.png 1500w\" sizes=\"(max-width: 904px) 100vw, 904px\" \/><\/figure>\n\n\n\n<p class=\"has-small-font-size\"><\/p>\n\n\n\n<h2 class=\"wp-block-heading has-small-font-size\">Dygnskortet g\u00e4ller i 24h, \u00e5rskort g\u00e4ller kalender\u00e5r.&nbsp;<\/h2>\n\n\n\n<figure class=\"wp-block-table is-style-stripes has-small-font-size\"><table><tbody><tr><td>Kort<\/td><td>Pris<\/td><\/tr><tr><td>Fast boende, kalender\u00e5r<\/td><td>200:-, f\u00f6r maka\/make +100:-<\/td><\/tr><tr><td>Dygnskort<\/td><td>100:-<\/td><\/tr><tr><td>3-dygnskort<\/td><td>200:-<\/td><\/tr><tr><td>Veckokort<\/td><td>300:-<\/td><\/tr><tr><td>\u00c5rskort, kalender\u00e5r<\/td><td>500:-, f\u00f6r maka\/make +150:-<\/td><\/tr><tr><td>Fisker\u00e4ttsbevis, kalender\u00e5r<\/td><td>50:-<\/td><\/tr><tr><td><strong>Musviken-S\u00f6nnerviken 1\/12-28\/2, f\u00f6r \u00f6vrigt tid g\u00e4ller kort enligt ovan<\/strong><\/td><td>&nbsp;<\/td><\/tr><tr><td>Dagkort<\/td><td> 50:-<\/td><\/tr><tr><td>3-dagarskort<\/td><td>120:-<\/td><\/tr><tr><td>S\u00e4songskort Musviken 1\/12 &#8211; 28\/2<\/td><td>300:-<\/td><\/tr><\/tbody><\/table><\/figure>\n\n\n\n<p><\/p>\n\n\n\n<h2 class=\"wp-block-heading has-small-font-size\">Fiskeregler och fredningstider 2024 beslutade p\u00e5 \u00c5rsm\u00f6te Fiskest\u00e4mma :<\/h2>\n\n\n\n<ul class=\"wp-block-list\">\n<li>Alm\u00e4nna best\u00e4mmelser: max 2 sp\u00f6n\/fiskekortsinnehavare,&nbsp;<em><u>barn\/ungdomar upp till 17 \u00e5rs \u00e5lder fiskar gratis i Locknesj\u00f6n och f\u00f6ljer g\u00e4llande best\u00e4mmelser om antal sp\u00f6n mm b\u00e5de fr\u00e5n land och b\u00e5t. Fr\u00e5n och med 18 \u00e5rs \u00e5lder fiskar man som vuxen. <\/u><\/em><br><em><u>OBS: fiske med djuprigg \u00e4r furbjudet i Locknesj\u00f6n.<\/u><\/em><\/li>\n<\/ul>\n\n\n\n<ul class=\"wp-block-list\">\n<li>N\u00e4tfiskef\u00f6rbud i hela Locknesj\u00f6n:\u00a0\u00a01\/9\u201430\/11,\u00a0<em><u>sp\u00f6fiske till\u00e5tet fr\u00e5n land och b\u00e5t i v\u00e4stra delen av sj\u00f6n fram till isl\u00e4ggning, fisket f\u00e5r\u00a0\u00a0bedrivas v\u00e4ster om linjen Espn\u00e4s-Lokeb\u00e4ckens utlopp.<\/u><\/em><\/li>\n<\/ul>\n\n\n\n<ul class=\"wp-block-list\">\n<li><u><em>Fiskef\u00f6rbud i Forsa\u00e5n 1\/1-31\/12-2026 fr\u00e5n utloppet i Locknesj\u00f6n ner till Forsa\u00e5ns utlopp i Bodsj\u00f6n f\u00f6r att skydda \u00f6ringens uppv\u00e4xt.<\/em><\/u><\/li>\n<\/ul>\n\n\n\n<ul class=\"wp-block-list\">\n<li>N\u00e4tfiske endast under uppl\u00e5tna tider, sommarfiske fr\u00e5n islossning fram till 1\/9 i de skifteslag man tillh\u00f6r. Vinterfiske med isn\u00e4t f\u00e5r ske under tiden 15\/12-28\/2 i de skifteslag man tillh\u00f6r. Fisker\u00e4tts\u00e4gare fritt antal n\u00e4t f\u00f6rutom under isn\u00e4tsfiske max 2 n\u00e4t\/fiskare. Fast boende max 5 n\u00e4t f\u00f6rutom under isn\u00e4tsfisket max 2 n\u00e4t, fritidshus\u00e4gare max 2 n\u00e4t ej isn\u00e4tsfiske, (1 n\u00e4t \u00e4r max 30m l\u00e5ngt och max 10 fot (3m) mellan flyt och s\u00e4nkteln). N\u00e4t skall vara tydligt m\u00e4rkta p\u00e5 fl\u00f6tet med namn och telefonnummer. Dragutter f\u00e5r ej anv\u00e4ndas i Locknesj\u00f6n.\u00a0<\/li>\n\n\n\n<li>Minimim\u00e5tt f\u00f6r \u00d6ring, R\u00f6ding 45 cm och Harr 35cm.&nbsp;<\/li>\n\n\n\n<li>Fiskef\u00f6rbud i str\u00f6mmande vatten samt 200m fr\u00e5n in och utlopp i sj\u00f6n under tiden: 1\/9\u201431\/10 samt 15\/4\u201431\/5<\/li>\n\n\n\n<li><em>Fritt fiske under tiden 1\/6-31\/8 med handredskap fr\u00e5n land runt Locknesj\u00f6n, max 1 handredskap\/fiskande<\/em><\/li>\n\n\n\n<li>Fiske med betesfisk\/agnfisk f\u00e5r inte anv\u00e4ndas vid fiske i Locknesj\u00f6n i syfte att minimera risker f\u00f6r sjukdomar.<ul><span style=\"background-color: rgb(255, 255, 255);\"> <\/span><\/ul><\/li>\n<\/ul>\n\n\n\n<p><\/p>\n","protected":false},"excerpt":{"rendered":"<p>Det g\u00e5r att l\u00f6sa fiskekort via fiskev\u00e5rdsf\u00f6reningens Bankgiro i L\u00e4nsf\u00f6rs\u00e4kringar, bankkonto &nbsp;5633-1937. Kom ih\u00e5g att ange avs\u00e4ndare med namn och adress s\u00e5 att vi vet vem som har betalt, ange &#8230;<\/p>\n","protected":false},"author":1,"featured_media":54,"parent":0,"menu_order":0,"comment_status":"closed","ping_status":"closed","template":"template-fullwidth.php","meta":{"footnotes":""},"class_list":["post-12","page","type-page","status-publish","has-post-thumbnail","hentry"],"_links":{"self":[{"href":"https:\/\/locknefiske.se\/index.php?rest_route=\/wp\/v2\/pages\/12","targetHints":{"allow":["GET"]}}],"collection":[{"href":"https:\/\/locknefiske.se\/index.php?rest_route=\/wp\/v2\/pages"}],"about":[{"href":"https:\/\/locknefiske.se\/index.php?rest_route=\/wp\/v2\/types\/page"}],"author":[{"embeddable":true,"href":"https:\/\/locknefiske.se\/index.php?rest_route=\/wp\/v2\/users\/1"}],"replies":[{"embeddable":true,"href":"https:\/\/locknefiske.se\/index.php?rest_route=%2Fwp%2Fv2%2Fcomments&post=12"}],"version-history":[{"count":17,"href":"https:\/\/locknefiske.se\/index.php?rest_route=\/wp\/v2\/pages\/12\/revisions"}],"predecessor-version":[{"id":201,"href":"https:\/\/locknefiske.se\/index.php?rest_route=\/wp\/v2\/pages\/12\/revisions\/201"}],"wp:featuredmedia":[{"embeddable":true,"href":"https:\/\/locknefiske.se\/index.php?rest_route=\/wp\/v2\/media\/54"}],"wp:attachment":[{"href":"https:\/\/locknefiske.se\/index.php?rest_route=%2Fwp%2Fv2%2Fmedia&parent=12"}],"curies":[{"name":"wp","href":"https:\/\/api.w.org\/{rel}","templated":true}]}}