{"id":132,"date":"2023-04-14T22:27:15","date_gmt":"2023-04-14T20:27:15","guid":{"rendered":"https:\/\/modellflygklubbar.se\/locknefiske\/?page_id=132"},"modified":"2024-03-18T20:38:11","modified_gmt":"2024-03-18T19:38:11","slug":"protokoll","status":"publish","type":"page","link":"https:\/\/locknefiske.se\/?page_id=132","title":{"rendered":"Protokoll"},"content":{"rendered":"\n<p>H\u00e4r kan du l\u00e4sa protokoll fr\u00e5n f\u00f6reningens m\u00f6ten:<\/p>\n\n\n\n<p><a href=\"https:\/\/modellflygklubbar.se\/locknefiske\/wp-content\/uploads\/2023\/04\/protokoll_2023-04-12.pdf\" target=\"_blank\" rel=\"noreferrer noopener\">\u00c5rsm\u00f6te\/St\u00e4mma Locknesj\u00f6ns LFVOF 2022-04-04 i Sockenstugan \u00c5ngsta kl 18.30<\/a><\/p>\n\n\n\n<p><a href=\"https:\/\/locknefiske.se\/wp-content\/uploads\/2024\/03\/Locknesjon_FVO_stamma_230403.pdf\" target=\"_blank\" rel=\"noreferrer noopener\">\u00c5rsm\u00f6te\/St\u00e4mma Locknesj\u00f6ns LFVOF 2023-04-03 i Sockenstugan \u00c5ngsta kl 18.30<\/a><\/p>\n","protected":false},"excerpt":{"rendered":"<p>H\u00e4r kan du l\u00e4sa protokoll fr\u00e5n f\u00f6reningens m\u00f6ten: \u00c5rsm\u00f6te\/St\u00e4mma Locknesj\u00f6ns LFVOF 2022-04-04 i Sockenstugan \u00c5ngsta kl 18.30 \u00c5rsm\u00f6te\/St\u00e4mma Locknesj\u00f6ns LFVOF 2023-04-03 i Sockenstugan \u00c5ngsta kl 18.30<\/p>\n","protected":false},"author":1,"featured_media":0,"parent":0,"menu_order":0,"comment_status":"closed","ping_status":"closed","template":"","meta":{"footnotes":""},"class_list":["post-132","page","type-page","status-publish","hentry"],"_links":{"self":[{"href":"https:\/\/locknefiske.se\/index.php?rest_route=\/wp\/v2\/pages\/132","targetHints":{"allow":["GET"]}}],"collection":[{"href":"https:\/\/locknefiske.se\/index.php?rest_route=\/wp\/v2\/pages"}],"about":[{"href":"https:\/\/locknefiske.se\/index.php?rest_route=\/wp\/v2\/types\/page"}],"author":[{"embeddable":true,"href":"https:\/\/locknefiske.se\/index.php?rest_route=\/wp\/v2\/users\/1"}],"replies":[{"embeddable":true,"href":"https:\/\/locknefiske.se\/index.php?rest_route=%2Fwp%2Fv2%2Fcomments&post=132"}],"version-history":[{"count":5,"href":"https:\/\/locknefiske.se\/index.php?rest_route=\/wp\/v2\/pages\/132\/revisions"}],"predecessor-version":[{"id":176,"href":"https:\/\/locknefiske.se\/index.php?rest_route=\/wp\/v2\/pages\/132\/revisions\/176"}],"wp:attachment":[{"href":"https:\/\/locknefiske.se\/index.php?rest_route=%2Fwp%2Fv2%2Fmedia&parent=132"}],"curies":[{"name":"wp","href":"https:\/\/api.w.org\/{rel}","templated":true}]}}