{"id":2,"date":"2022-03-26T22:51:01","date_gmt":"2022-03-26T21:51:01","guid":{"rendered":"http:\/\/localhost\/locknefiske\/?page_id=2"},"modified":"2026-03-09T23:02:56","modified_gmt":"2026-03-09T22:02:56","slug":"exempelsida","status":"publish","type":"page","link":"https:\/\/locknefiske.se\/","title":{"rendered":"V\u00e4lkommen att fiska i Locknesj\u00f6n 2026"},"content":{"rendered":"\n<p><\/p>\n\n\n<div class=\"wp-block-image\">\n<figure class=\"aligncenter size-full is-resized\"><img decoding=\"async\" width=\"894\" height=\"252\" src=\"https:\/\/locknefiske.se\/wp-content\/uploads\/2024\/02\/Skarmbild_2024-02-07_23_57.png\" alt=\"\" class=\"wp-image-157\" style=\"width:696px;height:auto\" srcset=\"https:\/\/locknefiske.se\/wp-content\/uploads\/2024\/02\/Skarmbild_2024-02-07_23_57.png 894w, https:\/\/locknefiske.se\/wp-content\/uploads\/2024\/02\/Skarmbild_2024-02-07_23_57-300x85.png 300w, https:\/\/locknefiske.se\/wp-content\/uploads\/2024\/02\/Skarmbild_2024-02-07_23_57-768x216.png 768w\" sizes=\"(max-width: 894px) 100vw, 894px\" \/><\/figure>\n<\/div>\n\n\n<p class=\"has-text-align-center has-medium-font-size\"><strong><em>Tack alla ni som l\u00f6ste fiskekort och fisker\u00e4ttsbevis 2025! &nbsp;<\/em><\/strong><\/p>\n\n\n\n<p class=\"has-text-align-center\"><strong><em>Ni har gjort det m\u00f6jligt f\u00f6r oss att forts\u00e4tta att erbjuda ett bra fiske!<\/em><\/strong><strong><em>&nbsp;<\/em><\/strong><\/p>\n\n\n\n<p class=\"has-black-color has-light-green-cyan-background-color has-text-color has-background has-link-color has-medium-font-size wp-elements-ea28ddb3d70439929de4bc977580f486\">OBS! Nytt datum  <strong><em>Kallelse till \u00e5rsst\u00e4mma f\u00f6r LVOF 2026-04-20 kl 18:30 i Sockenstugan \u00c5ngsta. V\u00e4lkomna<\/em><\/strong>!  OB! Nytt datum<\/p>\n\n\n\n<p>Vi i fiskev\u00e5rdsf\u00f6reningens styrelse hoppas att Ni \u00e4ven i forts\u00e4ttningen kommer att l\u00f6sa fiskekort och fisker\u00e4ttsbevis, \u00e4ven under 2026. Korten g\u00e4ller kalender\u00e5r s\u00e5 l\u00e4mpligast \u00e4r att l\u00f6sa korten s\u00e5 tidigt som m\u00f6jligt 2026.<\/p>\n\n\n\n<p>Fiskekort kan betalas via fiskev\u00e5rdsf\u00f6reningens Bankgiro i L\u00e4nsf\u00f6rs\u00e4kringar BG <strong>5633-1937<\/strong> kom ih\u00e5g att ange avs\u00e4ndare med adress (t.ex Valne 135), s\u00e5 att vi vet vem som har betalt, ange ocks\u00e5 typ av kort enligt nedan. Det g\u00e5r \u00e4ven bra att betala via <strong>Swish<\/strong><strong>: <\/strong><strong>1230577072 <\/strong>mottagare Locknesj\u00f6ns fiskev\u00e5rdsomr\u00e5de och ange vad inbetalning g\u00e4ller f\u00f6r. Inga fiskekort kommer fysiskt att l\u00e4mnas ut utan beh\u00e5ll kvittot p\u00e5 inbetalningen som fiskebevis.&nbsp;<\/p>\n\n\n\n<p>Fiskekort kan \u00e4ven l\u00f6sas p\u00e5 Brunflo sport och fiske.<\/p>\n\n\n\n<p><strong><em>Priser: <\/em><\/strong><\/p>\n\n\n\n<p><strong><em>Fisker\u00e4tts\u00e4gare 50 kr\/\u00e5r&nbsp;<\/em><\/strong><br><strong><em>Fast boende 200 kr\/\u00e5r, maka\/make\/sambo 100 kr<\/em><\/strong><br><strong><em>\u00d6vriga 500 kr\/\u00e5r, maka\/make\/sambo 150 kr<\/em><\/strong><\/p>\n\n\n\n<p><em>Under 2025 har vi planterat ut 1500 sm\u00e5 \u00f6ringar i sj\u00f6n som skall v\u00e4xa till sig de n\u00e4rmaste \u00e5ren. Vi har lagt ut lekgrus i Lokeb\u00e4cken och Mus\u00e5n\/S\u00e5gb\u00e4cken med st\u00f6d av L\u00e4nstyrelsen. F\u00f6reningen har under \u00e5ret inf\u00f6rskaffat ytterligare en b\u00e5t som finns f\u00f6r uthyrning i Loke. F\u00f6reningen har sedan tidigare k\u00f6pt fler minkf\u00e4llor och vill du l\u00e5na f\u00e4llor s\u00e5 kontakta Roland Persson p\u00e5 telefon: 070-2585449. F\u00f6r mer information s\u00e5 bes\u00f6k g\u00e4rna v\u00e5r hemsida p\u00e5: www.locknefiske.se<\/em><\/p>\n\n\n\n<p><strong><em>Styrelsen tackar p\u00e5 f\u00f6rhand f\u00f6r att ni forts\u00e4tter att st\u00f6dja fisket i sj\u00f6n och \u00f6nskar er alla en bra fiskes\u00e4song 2026.&nbsp;<\/em><\/strong><\/p>\n\n\n\n<p><strong><em>Styrelsen Locknesj\u00f6ns fiskev\u00e5rdsf\u00f6rening.<\/em><\/strong><br><\/p>\n\n\n\n<p><\/p>\n","protected":false},"excerpt":{"rendered":"<p>Tack alla ni som l\u00f6ste fiskekort och fisker\u00e4ttsbevis 2025! &nbsp; Ni har gjort det m\u00f6jligt f\u00f6r oss att forts\u00e4tta att erbjuda ett bra fiske!&nbsp; OBS! Nytt datum Kallelse till \u00e5rsst\u00e4mma &#8230;<\/p>\n","protected":false},"author":1,"featured_media":62,"parent":0,"menu_order":0,"comment_status":"closed","ping_status":"open","template":"template-fullwidth.php","meta":{"footnotes":""},"class_list":["post-2","page","type-page","status-publish","has-post-thumbnail","hentry"],"_links":{"self":[{"href":"https:\/\/locknefiske.se\/index.php?rest_route=\/wp\/v2\/pages\/2","targetHints":{"allow":["GET"]}}],"collection":[{"href":"https:\/\/locknefiske.se\/index.php?rest_route=\/wp\/v2\/pages"}],"about":[{"href":"https:\/\/locknefiske.se\/index.php?rest_route=\/wp\/v2\/types\/page"}],"author":[{"embeddable":true,"href":"https:\/\/locknefiske.se\/index.php?rest_route=\/wp\/v2\/users\/1"}],"replies":[{"embeddable":true,"href":"https:\/\/locknefiske.se\/index.php?rest_route=%2Fwp%2Fv2%2Fcomments&post=2"}],"version-history":[{"count":26,"href":"https:\/\/locknefiske.se\/index.php?rest_route=\/wp\/v2\/pages\/2\/revisions"}],"predecessor-version":[{"id":212,"href":"https:\/\/locknefiske.se\/index.php?rest_route=\/wp\/v2\/pages\/2\/revisions\/212"}],"wp:featuredmedia":[{"embeddable":true,"href":"https:\/\/locknefiske.se\/index.php?rest_route=\/wp\/v2\/media\/62"}],"wp:attachment":[{"href":"https:\/\/locknefiske.se\/index.php?rest_route=%2Fwp%2Fv2%2Fmedia&parent=2"}],"curies":[{"name":"wp","href":"https:\/\/api.w.org\/{rel}","templated":true}]}}