{"id":46,"date":"2022-03-27T18:21:28","date_gmt":"2022-03-27T16:21:28","guid":{"rendered":"https:\/\/modellflygklubbar.se\/locknefiske\/?page_id=46"},"modified":"2026-03-03T22:58:05","modified_gmt":"2026-03-03T21:58:05","slug":"locknegaddan-2022","status":"publish","type":"page","link":"https:\/\/locknefiske.se\/?page_id=46","title":{"rendered":"Lockneg\u00e4ddan"},"content":{"rendered":"\n<p><\/p>\n\n\n\n<p class=\"has-vivid-red-color has-text-color has-medium-font-size\" style=\"font-style:italic;font-weight:400\"><strong>V\u00e4lkommen till Lockneg\u00e4ddan i Locknesj\u00f6n, b\u00e5tfisket\u00e4vling.<\/strong> Mer info kommer&#8230;<\/p>\n\n\n\n<figure class=\"wp-block-image size-full is-resized\"><img decoding=\"async\" width=\"902\" height=\"254\" src=\"https:\/\/modellflygklubbar.se\/locknefiske\/wp-content\/uploads\/2022\/03\/gadda.png\" alt=\"\" class=\"wp-image-47\" style=\"width:699px;height:196px\" srcset=\"https:\/\/locknefiske.se\/wp-content\/uploads\/2022\/03\/gadda.png 902w, https:\/\/locknefiske.se\/wp-content\/uploads\/2022\/03\/gadda-300x84.png 300w, https:\/\/locknefiske.se\/wp-content\/uploads\/2022\/03\/gadda-768x216.png 768w\" sizes=\"(max-width: 902px) 100vw, 902px\" \/><\/figure>\n\n\n\n<ul class=\"wp-block-list\">\n<li><strong>Typ av t\u00e4vling: Lagt\u00e4vling d\u00e4r det g\u00e4ller att f\u00e5nga s\u00e5 m\u00e5nga meter G\u00e4dda som m\u00f6jligt under de 4h som t\u00e4vling p\u00e5g\u00e5r.<\/strong><\/li>\n\n\n\n<li><strong>Registrering av Lag fr\u00e5n: kl 09:30 i Loke b\u00e5tis\u00e4ttningsplats&nbsp;&nbsp;och d\u00e4r f\u00e5r lagen m\u00e4tplanka och mer info runt t\u00e4vlingen.<\/strong><\/li>\n\n\n\n<li><strong>T\u00e4vlingstid: ??, kl 11:00-15:00.<\/strong><\/li>\n\n\n\n<li><strong>Startavgift 300:-\/b\u00e5tlag, Swischas till 1230577072, Locknesj\u00f6ns FVO och ange namn p\u00e5 deltagare i b\u00e5tlaget senast den 11\/6.<\/strong><\/li>\n\n\n\n<li><strong>Lagindelning: Varje lag har 3 fiskande\/b\u00e5t som fiskar med 1 sp\u00f6 vardera.<\/strong><\/li>\n\n\n\n<li><strong>1a till 3e pris \u00e4r penningpris.<\/strong><\/li>\n\n\n\n<li><strong>Det kommer \u00e4ven finnas fika i Loke till f\u00f6rs\u00e4ljning!<\/strong><\/li>\n\n\n\n<li><strong><a href=\"https:\/\/locknefiske.se\/?page_id=50\" data-type=\"page\" data-id=\"50\">B\u00e5tar g\u00e5r att hyra i Loke<\/a><\/strong><\/li>\n\n\n\n<li><strong>Obs g\u00e4ddor under 3kg tas upp och avlivas som en del av fiskev\u00e5rden i sj\u00f6n.<\/strong><\/li>\n<\/ul>\n\n\n\n<p><\/p>\n\n\n\n<p><strong>V\u00e4lkomna till Lockneg\u00e4ddan  , LVOF<\/strong><\/p>\n\n\n\n<p class=\"has-small-font-size\"><strong>\u00d6<\/strong>nskas mer info ring: Ordf\u00f6rande LVOF 070-5224087<\/p>\n\n\n\n<figure class=\"wp-block-image size-large\"><img decoding=\"async\" width=\"1024\" height=\"360\" src=\"https:\/\/modellflygklubbar.se\/locknefiske\/wp-content\/uploads\/2022\/03\/vinterfiske_jpg-1024x360.jpg\" alt=\"\" class=\"wp-image-63\" srcset=\"https:\/\/locknefiske.se\/wp-content\/uploads\/2022\/03\/vinterfiske_jpg-1024x360.jpg 1024w, https:\/\/locknefiske.se\/wp-content\/uploads\/2022\/03\/vinterfiske_jpg-300x105.jpg 300w, https:\/\/locknefiske.se\/wp-content\/uploads\/2022\/03\/vinterfiske_jpg-768x270.jpg 768w, https:\/\/locknefiske.se\/wp-content\/uploads\/2022\/03\/vinterfiske_jpg-1536x539.jpg 1536w, https:\/\/locknefiske.se\/wp-content\/uploads\/2022\/03\/vinterfiske_jpg.jpg 1908w\" sizes=\"(max-width: 1024px) 100vw, 1024px\" \/><\/figure>\n\n\n\n<p><\/p>\n","protected":false},"excerpt":{"rendered":"<p>V\u00e4lkommen till Lockneg\u00e4ddan i Locknesj\u00f6n, b\u00e5tfisket\u00e4vling. Mer info kommer&#8230; V\u00e4lkomna till Lockneg\u00e4ddan , LVOF \u00d6nskas mer info ring: Ordf\u00f6rande LVOF 070-5224087<\/p>\n","protected":false},"author":1,"featured_media":64,"parent":0,"menu_order":0,"comment_status":"closed","ping_status":"closed","template":"template-fullwidth.php","meta":{"footnotes":""},"class_list":["post-46","page","type-page","status-publish","has-post-thumbnail","hentry"],"_links":{"self":[{"href":"https:\/\/locknefiske.se\/index.php?rest_route=\/wp\/v2\/pages\/46","targetHints":{"allow":["GET"]}}],"collection":[{"href":"https:\/\/locknefiske.se\/index.php?rest_route=\/wp\/v2\/pages"}],"about":[{"href":"https:\/\/locknefiske.se\/index.php?rest_route=\/wp\/v2\/types\/page"}],"author":[{"embeddable":true,"href":"https:\/\/locknefiske.se\/index.php?rest_route=\/wp\/v2\/users\/1"}],"replies":[{"embeddable":true,"href":"https:\/\/locknefiske.se\/index.php?rest_route=%2Fwp%2Fv2%2Fcomments&post=46"}],"version-history":[{"count":19,"href":"https:\/\/locknefiske.se\/index.php?rest_route=\/wp\/v2\/pages\/46\/revisions"}],"predecessor-version":[{"id":210,"href":"https:\/\/locknefiske.se\/index.php?rest_route=\/wp\/v2\/pages\/46\/revisions\/210"}],"wp:featuredmedia":[{"embeddable":true,"href":"https:\/\/locknefiske.se\/index.php?rest_route=\/wp\/v2\/media\/64"}],"wp:attachment":[{"href":"https:\/\/locknefiske.se\/index.php?rest_route=%2Fwp%2Fv2%2Fmedia&parent=46"}],"curies":[{"name":"wp","href":"https:\/\/api.w.org\/{rel}","templated":true}]}}