{"id":50,"date":"2022-03-27T18:25:26","date_gmt":"2022-03-27T16:25:26","guid":{"rendered":"https:\/\/modellflygklubbar.se\/locknefiske\/?page_id=50"},"modified":"2024-02-16T21:58:52","modified_gmt":"2024-02-16T20:58:52","slug":"hyra-bat-i-locknesjon-2022","status":"publish","type":"page","link":"https:\/\/locknefiske.se\/?page_id=50","title":{"rendered":"Hyra b\u00e5t i Locknesj\u00f6n 2024"},"content":{"rendered":"\n<p><\/p>\n\n\n\n<p><\/p>\n\n\n\n<p>F\u00f6reningen har 3 b\u00e5tar f\u00f6r uthyrning och dessa ligger i Loke. B\u00e5tarna rymmer 3-4 personer och 4st flytv\u00e4star finns att l\u00e5na. <\/p>\n\n\n\n<p>Priser: B\u00e5thyran \u00e4r 250:-\/dygn och d\u00e5 ing\u00e5r elmotor och batteri som h\u00e4mtas hos b\u00e5tuthyraren enligt nedan.&nbsp;<\/p>\n\n\n\n<p>Uppkomna skador ers\u00e4tts av den som hyrt b\u00e5ten vid skadetillf\u00e4llet.<\/p>\n\n\n\n<p>Kontakta P\u00e4r Bodin i Loke p\u00e5 tel: 076-8047080 f\u00f6r att hyra b\u00e5t.<br><br><\/p>\n","protected":false},"excerpt":{"rendered":"<p>F\u00f6reningen har 3 b\u00e5tar f\u00f6r uthyrning och dessa ligger i Loke. B\u00e5tarna rymmer 3-4 personer och 4st flytv\u00e4star finns att l\u00e5na. Priser: B\u00e5thyran \u00e4r 250:-\/dygn och d\u00e5 ing\u00e5r elmotor och &#8230;<\/p>\n","protected":false},"author":1,"featured_media":66,"parent":0,"menu_order":0,"comment_status":"closed","ping_status":"closed","template":"","meta":{"footnotes":""},"class_list":["post-50","page","type-page","status-publish","has-post-thumbnail","hentry"],"_links":{"self":[{"href":"https:\/\/locknefiske.se\/index.php?rest_route=\/wp\/v2\/pages\/50","targetHints":{"allow":["GET"]}}],"collection":[{"href":"https:\/\/locknefiske.se\/index.php?rest_route=\/wp\/v2\/pages"}],"about":[{"href":"https:\/\/locknefiske.se\/index.php?rest_route=\/wp\/v2\/types\/page"}],"author":[{"embeddable":true,"href":"https:\/\/locknefiske.se\/index.php?rest_route=\/wp\/v2\/users\/1"}],"replies":[{"embeddable":true,"href":"https:\/\/locknefiske.se\/index.php?rest_route=%2Fwp%2Fv2%2Fcomments&post=50"}],"version-history":[{"count":7,"href":"https:\/\/locknefiske.se\/index.php?rest_route=\/wp\/v2\/pages\/50\/revisions"}],"predecessor-version":[{"id":168,"href":"https:\/\/locknefiske.se\/index.php?rest_route=\/wp\/v2\/pages\/50\/revisions\/168"}],"wp:featuredmedia":[{"embeddable":true,"href":"https:\/\/locknefiske.se\/index.php?rest_route=\/wp\/v2\/media\/66"}],"wp:attachment":[{"href":"https:\/\/locknefiske.se\/index.php?rest_route=%2Fwp%2Fv2%2Fmedia&parent=50"}],"curies":[{"name":"wp","href":"https:\/\/api.w.org\/{rel}","templated":true}]}}