{"id":77,"date":"2022-04-06T16:53:11","date_gmt":"2022-04-06T14:53:11","guid":{"rendered":"https:\/\/modellflygklubbar.se\/locknefiske\/?page_id=77"},"modified":"2025-03-31T15:37:39","modified_gmt":"2025-03-31T13:37:39","slug":"fiskevard-2022","status":"publish","type":"page","link":"https:\/\/locknefiske.se\/?page_id=77","title":{"rendered":"Fiskev\u00e5rd"},"content":{"rendered":"\n<p class=\"has-medium-font-size\">Fiskev\u00e5rdsplan fr\u00e5n 2025<\/p>\n\n\n\n<p>1. Forts\u00e4tta med uts\u00e4ttningar av 2-3 somrig \u00d6ring fr\u00e5n K\u00e4larne.<\/p>\n\n\n\n<p>2. Fortsatt dialog med L\u00e4nsstyrelsen f\u00f6r att planera fiskev\u00e5rdande \u00e5tg\u00e4rder..\u00a0<\/p>\n\n\n\n<p>3. Identifiera och g\u00f6ra lekf\u00f6rb\u00e4ttringar i vattendrag runt Locknesj\u00f6n, Mus\u00e5n och Lokeb\u00e4cken.\u00a0<\/p>\n\n\n\n<p>4. Forts\u00e4tta med att decimera minkbest\u00e5ndet runt sj\u00f6n, f\u00e4llor finns hos Kass\u00f6ren Roland\u00a0Persson f\u00f6r l\u00e5n\u00a0<\/p>\n\n\n\n<p>5. L\u00e4gga ut skydd p\u00e5 R\u00f6dingens lekgrund runt Valne i syfte att skydda rom efter lek.\u00a0<\/p>\n\n\n\n<p>6. Utv\u00e4rdera hur genomf\u00f6rda \u00e5tg\u00e4rder p\u00e5verkar best\u00e5nden i och runt Locknesj\u00f6n.<\/p>\n\n\n\n<p>7. Vi skulle vara tacksamma om du tar upp g\u00e4ddor som v\u00e4ger mindre \u00e4n 3 kg f\u00f6r att gynna \u00f6vriga arter i Locknesj\u00f6n.<\/p>\n\n\n\n<p><\/p>\n","protected":false},"excerpt":{"rendered":"<p>Fiskev\u00e5rdsplan fr\u00e5n 2025 1. Forts\u00e4tta med uts\u00e4ttningar av 2-3 somrig \u00d6ring fr\u00e5n K\u00e4larne. 2. Fortsatt dialog med L\u00e4nsstyrelsen f\u00f6r att planera fiskev\u00e5rdande \u00e5tg\u00e4rder..\u00a0 3. Identifiera och g\u00f6ra lekf\u00f6rb\u00e4ttringar i vattendrag &#8230;<\/p>\n","protected":false},"author":1,"featured_media":62,"parent":0,"menu_order":0,"comment_status":"closed","ping_status":"closed","template":"","meta":{"footnotes":""},"class_list":["post-77","page","type-page","status-publish","has-post-thumbnail","hentry"],"_links":{"self":[{"href":"https:\/\/locknefiske.se\/index.php?rest_route=\/wp\/v2\/pages\/77","targetHints":{"allow":["GET"]}}],"collection":[{"href":"https:\/\/locknefiske.se\/index.php?rest_route=\/wp\/v2\/pages"}],"about":[{"href":"https:\/\/locknefiske.se\/index.php?rest_route=\/wp\/v2\/types\/page"}],"author":[{"embeddable":true,"href":"https:\/\/locknefiske.se\/index.php?rest_route=\/wp\/v2\/users\/1"}],"replies":[{"embeddable":true,"href":"https:\/\/locknefiske.se\/index.php?rest_route=%2Fwp%2Fv2%2Fcomments&post=77"}],"version-history":[{"count":6,"href":"https:\/\/locknefiske.se\/index.php?rest_route=\/wp\/v2\/pages\/77\/revisions"}],"predecessor-version":[{"id":194,"href":"https:\/\/locknefiske.se\/index.php?rest_route=\/wp\/v2\/pages\/77\/revisions\/194"}],"wp:featuredmedia":[{"embeddable":true,"href":"https:\/\/locknefiske.se\/index.php?rest_route=\/wp\/v2\/media\/62"}],"wp:attachment":[{"href":"https:\/\/locknefiske.se\/index.php?rest_route=%2Fwp%2Fv2%2Fmedia&parent=77"}],"curies":[{"name":"wp","href":"https:\/\/api.w.org\/{rel}","templated":true}]}}